{"id":465,"date":"2021-03-30T15:12:25","date_gmt":"2021-03-30T15:12:25","guid":{"rendered":"https:\/\/www.brotsrestaurant.com\/pieter-truyts\/"},"modified":"2021-06-30T15:00:16","modified_gmt":"2021-06-30T15:00:16","slug":"pieter-truyts","status":"publish","type":"page","link":"https:\/\/www.brotsrestaurant.com\/fr\/pieter-truyts\/","title":{"rendered":"Pieter Truyts"},"content":{"rendered":"<p>[et_pb_section fb_built=\u00a0\u00bb1&Prime; _builder_version=\u00a0\u00bb4.9.2&Prime; _module_preset=\u00a0\u00bbdefault\u00a0\u00bb height=\u00a0\u00bb95vh\u00a0\u00bb custom_margin=\u00a0\u00bb-70px|0px|0px|0px|false|false\u00a0\u00bb custom_padding=\u00a0\u00bb0px|0px|0px|0px|false|false\u00a0\u00bb hover_enabled=\u00a0\u00bb0&Prime; sticky_enabled=\u00a0\u00bb0&Prime;][et_pb_row use_custom_gutter=\u00a0\u00bbon\u00a0\u00bb gutter_width=\u00a0\u00bb1&Prime; _builder_version=\u00a0\u00bb4.9.2&Prime; _module_preset=\u00a0\u00bbdefault\u00a0\u00bb width=\u00a0\u00bb100%\u00a0\u00bb max_width=\u00a0\u00bb100%\u00a0\u00bb][et_pb_column type=\u00a0\u00bb4_4&Prime; _builder_version=\u00a0\u00bb4.9.2&Prime; _module_preset=\u00a0\u00bbdefault\u00a0\u00bb][et_pb_code _builder_version=\u00a0\u00bb4.9.2&Prime; _module_preset=\u00a0\u00bbdefault\u00a0\u00bb custom_margin=\u00a0\u00bb0px|0px|0px|0px|false|false\u00a0\u00bb custom_padding=\u00a0\u00bb0px|0px|0px|0px|false|false\u00a0\u00bb]\n  <style>\n\n  @media (max-width:600px){\n    #magic-parallax-container{\n      display: none;\n    }\n    .et_pb_section.et_pb_section_0.et_section_regular {\n      display: none;\n    }\n    .parallax{\n      display: none;\n    }\n  }\n\n  .parallax {\n    position: absolute;\n    width: 100%;\n    height: 95vh;\n    overflow: hidden;\n    top: 0;\n    left: 0;\n    \n    \n  }\n\n  div .layer-parallax {\n    \/*enable 3D rendering*\/\n    transform: translateZ(0);\n    will-change: transform;\n  }\n  \n  .layer {\n    position: absolute;\n    width: 100%;\n    height: 100vh;\n    top: 0;\n    left: 0;\n    background-repeat: no-repeat;\n    background-position: top center;\n  }\n  \n  \n  .source-layer1 {\n    background-image: url(https:\/\/brotsrestaurant.olalon.com\/wp-content\/uploads\/2021\/03\/Brots-pieter-capa.png);\n    width: 60%;\n  }\n  \n  .source-layer2 {\n    background-image: url(https:\/\/brotsrestaurant.olalon.com\/wp-content\/uploads\/2021\/03\/Brots-objects-layer.png);\n    position: absolute;\n    margin-top: -173px;\n  }\n  \n  .source-layer3 {\n    background-image: url(https:\/\/brotsrestaurant.olalon.com\/wp-content\/uploads\/2021\/03\/Brots-shapes-layer.png);\n    position: relative;\n    z-index: 9;\n    width: 150%;\n  }\n  \n  .source-layer4 {\n    background-image: url(https:\/\/brotsrestaurant.olalon.com\/wp-content\/uploads\/2021\/03\/Brots-layer01.png);\n  }\n  \n  .source-layer5{\n    background-image: url(https:\/\/brotsrestaurant.olalon.com\/wp-content\/uploads\/2021\/03\/Brots-ou-layer.png);\n  }\n  <\/style>\n  \n  <div class=\"parallax\">\n<!--\n  <div class=\"layer source-layer5\"><\/div>\n  -->\n  <div class=\"layer-parallax layer source-layer4\"><\/div>\n  <div class=\"layer-parallax layer source-layer3\"><\/div>\n  <div class=\"layer-parallax layer source-layer2\"><\/div>\n  <div class=\"layer-parallax layer source-layer1\"><\/div>\n<\/div><script>\n  var currentX = '';\nvar currentY = '';\nvar movementConstant = .025; \n\njQuery(document).mousemove(function(e) {\n  if (currentX == '') currentX = e.pageX;\n  var xdiff = e.pageX - currentX;\n  currentX = e.pageX;\n  if (currentY == '') currentY = e.pageY;\n  var ydiff = e.pageY - currentY;\n  currentY = e.pageY;\n\n  jQuery('.parallax div').each(function(i, el) {\n    var movement = (i + 1) * (xdiff * movementConstant);\n    var movementy = (i + 1) * (ydiff * movementConstant);\n    var newX = jQuery(el).position().left + movement;\n    var newY = jQuery(el).position().top + movementy;\n    var cssObj = {\n      'left': newX + 'px',\n      'top': newY + 'px'\n    };\n\n    \/\/ $(el).css('left', newX + 'px');\n    \/\/ $(el).css('top', newY + 'px');\n    jQuery(el).css({\n      \"transform\": \"translate(\" + newX + \"px,\" + newY + \"px)\"\n    });\n  });\n});\n  <\/script>[\/et_pb_code][\/et_pb_column][\/et_pb_row][\/et_pb_section][et_pb_section fb_built=\u00a0\u00bb1&Prime; disabled_on=\u00a0\u00bboff|off|on\u00a0\u00bb _builder_version=\u00a0\u00bb4.9.2&Prime; _module_preset=\u00a0\u00bbdefault\u00a0\u00bb][et_pb_row _builder_version=\u00a0\u00bb4.9.2&Prime; _module_preset=\u00a0\u00bbdefault\u00a0\u00bb][et_pb_column type=\u00a0\u00bb4_4&Prime; _builder_version=\u00a0\u00bb4.9.2&Prime; _module_preset=\u00a0\u00bbdefault\u00a0\u00bb][et_pb_image src=\u00a0\u00bbhttps:\/\/www.brotsrestaurant.com\/wp-content\/uploads\/2021\/03\/Brots-pieter-capa.png\u00a0\u00bb title_text=\u00a0\u00bbBrots-pieter-capa\u00a0\u00bb align=\u00a0\u00bbcenter\u00a0\u00bb _builder_version=\u00a0\u00bb4.9.2&Prime; _module_preset=\u00a0\u00bbdefault\u00a0\u00bb][\/et_pb_image][et_pb_text _builder_version=\u00a0\u00bb4.9.2&Prime; _module_preset=\u00a0\u00bbdefault\u00a0\u00bb text_font=\u00a0\u00bbRoboto||||||||\u00a0\u00bb text_line_height=\u00a0\u00bb1.4em\u00a0\u00bb header_font=\u00a0\u00bbRoboto|900|||||||\u00a0\u00bb]<\/p>\n<h1>Qui s\u00f3c?<\/h1>\n<p>Crec que vaig n\u00e9ixer per ser cuiner&#8230; i que per aix\u00f2, ja quan era ben petit, passava els caps de setmana i les vacances cuinant a casa meva.<\/p>\n<p>Perqu\u00e8 sempre ha estat la meva passi\u00f3, \u00e9s la meva vida i ser\u00e0 el meu dest\u00ed.<\/p>\n<p>I les meves ganes de millorar m&rsquo;han portat a ser perfeccionista. Gaireb\u00e9 mai estic content amb la meva feina i, de fet, m&rsquo;agrada el fet de no estar-ho. Perqu\u00e8 crec en cr\u00e9ixer, en la inquietud per millorar, en sentir i en fer gaudir dels sentits. Quan tenia 20 anys vaig marxar de la meva terra i, amb el temps, he ent\u00e8s com es valoren les coses quan no les tens i que el bon cam\u00ed \u00e9s estar sempre obert a aprendre.<\/p>\n<p>El meu trajecte ha estat molt bonic, ja que he tingut la sort de trobar-me amb grans professionals que m&rsquo;han ensenyat molt\u00edssimes coses. Tamb\u00e9 he apr\u00e8s amb el patiment i l&rsquo;esfor\u00e7. Ara crec que ha arribat el moment de jugar a casa.<\/p>\n<p>[\/et_pb_text][et_pb_video src=\u00a0\u00bbhttps:\/\/www.youtube.com\/watch?v=4k_3ZXGZomE\u00a0\u00bb _builder_version=\u00a0\u00bb4.9.2&Prime; _module_preset=\u00a0\u00bbdefault\u00a0\u00bb][\/et_pb_video][\/et_pb_column][\/et_pb_row][\/et_pb_section][et_pb_section fb_built=\u00a0\u00bb1&Prime; disabled_on=\u00a0\u00bbon|on|off\u00a0\u00bb module_id=\u00a0\u00bbmagic-parallax-container\u00a0\u00bb _builder_version=\u00a0\u00bb4.9.2&Prime; _module_preset=\u00a0\u00bbdefault\u00a0\u00bb background_color=\u00a0\u00bbRGBA(0,0,0,0)\u00a0\u00bb positioning=\u00a0\u00bbabsolute\u00a0\u00bb position_origin_a=\u00a0\u00bbtop_center\u00a0\u00bb z_index=\u00a0\u00bb9&Prime;][et_pb_row column_structure=\u00a0\u00bb1_2,1_2&Prime; use_custom_gutter=\u00a0\u00bbon\u00a0\u00bb gutter_width=\u00a0\u00bb1&Prime; disabled_on=\u00a0\u00bbon|on|off\u00a0\u00bb _builder_version=\u00a0\u00bb4.9.2&Prime; _module_preset=\u00a0\u00bbdefault\u00a0\u00bb width=\u00a0\u00bb100%\u00a0\u00bb max_width=\u00a0\u00bb100%\u00a0\u00bb custom_padding=\u00a0\u00bb|50px||50px|false|true\u00a0\u00bb][et_pb_column type=\u00a0\u00bb1_2&Prime; _builder_version=\u00a0\u00bb4.9.2&Prime; _module_preset=\u00a0\u00bbdefault\u00a0\u00bb][\/et_pb_column][et_pb_column type=\u00a0\u00bb1_2&Prime; _builder_version=\u00a0\u00bb4.9.2&Prime; _module_preset=\u00a0\u00bbdefault\u00a0\u00bb][et_pb_text _builder_version=\u00a0\u00bb4.9.2&Prime; _module_preset=\u00a0\u00bbdefault\u00a0\u00bb text_font=\u00a0\u00bbRoboto|300|||||||\u00a0\u00bb text_text_color=\u00a0\u00bb#FFFFFF\u00a0\u00bb header_font=\u00a0\u00bbRoboto||||||||\u00a0\u00bb header_text_color=\u00a0\u00bb#FFFFFF\u00a0\u00bb header_font_size=\u00a0\u00bb22px\u00a0\u00bb background_color=\u00a0\u00bb#2f2e2c\u00a0\u00bb width=\u00a0\u00bb50%\u00a0\u00bb module_alignment=\u00a0\u00bbright\u00a0\u00bb custom_padding=\u00a0\u00bb20px|20px|20px|20px|true|false\u00a0\u00bb]<\/p>\n<h1>\u00c0 propos de moi<\/h1>\n<p>Depuis mon enfance, la cuisine est mon amour, ma vie et mon destin. J\u2019ai toujours pr\u00e9f\u00e9r\u00e9 passer mon temps libre dans la cuisine, \u00e0 cr\u00e9er de nouveaux plats, qui ne satisfaisaient que tr\u00e8s rarement mes crit\u00e8res de qualit\u00e9 perfectionnistes. J\u2019ai eu la chance de rencontrer d\u2019excellents enseignants, qui m\u2019ont inspir\u00e9 de differentes techniques. Je crois fermement au travail et \u00e0 la discipline, et \u00e0 l\u2019 apprentissage continu. Avec Brots, j\u2019ai d\u00e9cid\u00e9 de prendre les choses en mains propres et de construire mon propre avenir. Je crois en l\u2019avenir et suis persuad\u00e9 que mon savoir-faire et mon exp\u00e9rience me ermettra de r\u00e9aliser ce projet avec succ\u00e8s.[\/et_pb_text][\/et_pb_column][\/et_pb_row][\/et_pb_section]<\/p>\n","protected":false},"excerpt":{"rendered":"<p>\n  <style>\n\n  @media (max-width:600px){\n    #magic-parallax-container{\n      display: none;\n    }\n    .et_pb_section.et_pb_section_0.et_section_regular {\n      display: none;\n    }\n    .parallax{\n      display: none;\n    }\n  }\n\n  .parallax {\n    position: absolute;\n    width: 100%;\n    height: 95vh;\n    overflow: hidden;\n    top: 0;\n    left: 0;\n    \n    \n  }\n\n  div .layer-parallax {\n    \/*enable 3D rendering*\/\n    transform: translateZ(0);\n    will-change: transform;\n  }\n  \n  .layer {\n    position: absolute;\n    width: 100%;\n    height: 100vh;\n    top: 0;\n    left: 0;\n    background-repeat: no-repeat;\n    background-position: top center;\n  }\n  \n  \n  .source-layer1 {\n    background-image: url(https:\/\/brotsrestaurant.olalon.com\/wp-content\/uploads\/2021\/03\/Brots-pieter-capa.png);\n    width: 60%;\n  }\n  \n  .source-layer2 {\n    background-image: url(https:\/\/brotsrestaurant.olalon.com\/wp-content\/uploads\/2021\/03\/Brots-objects-layer.png);\n    position: absolute;\n    margin-top: -173px;\n  }\n  \n  .source-layer3 {\n    background-image: url(https:\/\/brotsrestaurant.olalon.com\/wp-content\/uploads\/2021\/03\/Brots-shapes-layer.png);\n    position: relative;\n    z-index: 9;\n    width: 150%;\n  }\n  \n  .source-layer4 {\n    background-image: url(https:\/\/brotsrestaurant.olalon.com\/wp-content\/uploads\/2021\/03\/Brots-layer01.png);\n  }\n  \n  .source-layer5{\n    background-image: url(https:\/\/brotsrestaurant.olalon.com\/wp-content\/uploads\/2021\/03\/Brots-ou-layer.png);\n  }\n  <\/style>\n  \n  <div class=\"parallax\">\n<!--\n  <div class=\"layer source-layer5\"><\/div>\n  -->\n  <div class=\"layer-parallax layer source-layer4\"><\/div>\n  <div class=\"layer-parallax layer source-layer3\"><\/div>\n  <div class=\"layer-parallax layer source-layer2\"><\/div>\n  <div class=\"layer-parallax layer source-layer1\"><\/div>\n<\/div><script>\n  var currentX = '';\nvar currentY = '';\nvar movementConstant = .025; \n\njQuery(document).mousemove(function(e) {\n  if (currentX == '') currentX = e.pageX;\n  var xdiff = e.pageX - currentX;\n  currentX = e.pageX;\n  if (currentY == '') currentY = e.pageY;\n  var ydiff = e.pageY - currentY;\n  currentY = e.pageY;\n\n  jQuery('.parallax div').each(function(i, el) {\n    var movement = (i + 1) * (xdiff * movementConstant);\n    var movementy = (i + 1) * (ydiff * movementConstant);\n    var newX = jQuery(el).position().left + movement;\n    var newY = jQuery(el).position().top + movementy;\n    var cssObj = {\n      'left': newX + 'px',\n      'top': newY + 'px'\n    };\n\n    \/\/ $(el).css('left', newX + 'px');\n    \/\/ $(el).css('top', newY + 'px');\n    jQuery(el).css({\n      \"transform\": \"translate(\" + newX + \"px,\" + newY + \"px)\"\n    });\n  });\n});\n  <\/script>Qui s\u00f3c? Crec que vaig n\u00e9ixer per ser cuiner&#8230; i que per aix\u00f2, ja quan era ben petit, passava els caps de setmana i les vacances cuinant a casa meva. Perqu\u00e8 sempre ha estat la meva passi\u00f3, \u00e9s la meva vida i ser\u00e0 el meu dest\u00ed. I les meves ganes de millorar m&rsquo;han portat a [&hellip;]<\/p>\n","protected":false},"author":1,"featured_media":0,"parent":0,"menu_order":0,"comment_status":"closed","ping_status":"closed","template":"","meta":{"_acf_changed":false,"_et_pb_use_builder":"on","_et_pb_old_content":"","_et_gb_content_width":"","footnotes":""},"class_list":["post-465","page","type-page","status-publish","hentry"],"acf":[],"yoast_head":"<!-- This site is optimized with the Yoast SEO plugin v27.4 - https:\/\/yoast.com\/product\/yoast-seo-wordpress\/ -->\n<title>Pieter Truyts - Brots Restaurant<\/title>\n<meta name=\"robots\" content=\"index, follow, max-snippet:-1, max-image-preview:large, max-video-preview:-1\" \/>\n<link rel=\"canonical\" href=\"https:\/\/www.brotsrestaurant.com\/fr\/pieter-truyts\/\" \/>\n<meta property=\"og:locale\" content=\"fr_FR\" \/>\n<meta property=\"og:type\" content=\"article\" \/>\n<meta property=\"og:title\" content=\"Pieter Truyts - Brots Restaurant\" \/>\n<meta property=\"og:description\" content=\"Qui s\u00f3c? Crec que vaig n\u00e9ixer per ser cuiner... i que per aix\u00f2, ja quan era ben petit, passava els caps de setmana i les vacances cuinant a casa meva. Perqu\u00e8 sempre ha estat la meva passi\u00f3, \u00e9s la meva vida i ser\u00e0 el meu dest\u00ed. I les meves ganes de millorar m&#039;han portat a [&hellip;]\" \/>\n<meta property=\"og:url\" content=\"https:\/\/www.brotsrestaurant.com\/fr\/pieter-truyts\/\" \/>\n<meta property=\"og:site_name\" content=\"Brots Restaurant\" \/>\n<meta property=\"article:modified_time\" content=\"2021-06-30T15:00:16+00:00\" \/>\n<meta name=\"twitter:card\" content=\"summary_large_image\" \/>\n<script type=\"application\/ld+json\" class=\"yoast-schema-graph\">{\"@context\":\"https:\\\/\\\/schema.org\",\"@graph\":[{\"@type\":\"WebPage\",\"@id\":\"https:\\\/\\\/www.brotsrestaurant.com\\\/fr\\\/pieter-truyts\\\/\",\"url\":\"https:\\\/\\\/www.brotsrestaurant.com\\\/fr\\\/pieter-truyts\\\/\",\"name\":\"Pieter Truyts - Brots Restaurant\",\"isPartOf\":{\"@id\":\"https:\\\/\\\/www.brotsrestaurant.com\\\/fr\\\/#website\"},\"datePublished\":\"2021-03-30T15:12:25+00:00\",\"dateModified\":\"2021-06-30T15:00:16+00:00\",\"breadcrumb\":{\"@id\":\"https:\\\/\\\/www.brotsrestaurant.com\\\/fr\\\/pieter-truyts\\\/#breadcrumb\"},\"inLanguage\":\"fr-FR\",\"potentialAction\":[{\"@type\":\"ReadAction\",\"target\":[\"https:\\\/\\\/www.brotsrestaurant.com\\\/fr\\\/pieter-truyts\\\/\"]}]},{\"@type\":\"BreadcrumbList\",\"@id\":\"https:\\\/\\\/www.brotsrestaurant.com\\\/fr\\\/pieter-truyts\\\/#breadcrumb\",\"itemListElement\":[{\"@type\":\"ListItem\",\"position\":1,\"name\":\"Portada\",\"item\":\"https:\\\/\\\/www.brotsrestaurant.com\\\/fr\\\/\"},{\"@type\":\"ListItem\",\"position\":2,\"name\":\"Pieter Truyts\"}]},{\"@type\":\"WebSite\",\"@id\":\"https:\\\/\\\/www.brotsrestaurant.com\\\/fr\\\/#website\",\"url\":\"https:\\\/\\\/www.brotsrestaurant.com\\\/fr\\\/\",\"name\":\"Brots Restaurant\",\"description\":\"Just another WordPress site\",\"potentialAction\":[{\"@type\":\"SearchAction\",\"target\":{\"@type\":\"EntryPoint\",\"urlTemplate\":\"https:\\\/\\\/www.brotsrestaurant.com\\\/fr\\\/?s={search_term_string}\"},\"query-input\":{\"@type\":\"PropertyValueSpecification\",\"valueRequired\":true,\"valueName\":\"search_term_string\"}}],\"inLanguage\":\"fr-FR\"}]}<\/script>\n<!-- \/ Yoast SEO plugin. -->","yoast_head_json":{"title":"Pieter Truyts - Brots Restaurant","robots":{"index":"index","follow":"follow","max-snippet":"max-snippet:-1","max-image-preview":"max-image-preview:large","max-video-preview":"max-video-preview:-1"},"canonical":"https:\/\/www.brotsrestaurant.com\/fr\/pieter-truyts\/","og_locale":"fr_FR","og_type":"article","og_title":"Pieter Truyts - Brots Restaurant","og_description":"Qui s\u00f3c? Crec que vaig n\u00e9ixer per ser cuiner... i que per aix\u00f2, ja quan era ben petit, passava els caps de setmana i les vacances cuinant a casa meva. Perqu\u00e8 sempre ha estat la meva passi\u00f3, \u00e9s la meva vida i ser\u00e0 el meu dest\u00ed. I les meves ganes de millorar m'han portat a [&hellip;]","og_url":"https:\/\/www.brotsrestaurant.com\/fr\/pieter-truyts\/","og_site_name":"Brots Restaurant","article_modified_time":"2021-06-30T15:00:16+00:00","twitter_card":"summary_large_image","schema":{"@context":"https:\/\/schema.org","@graph":[{"@type":"WebPage","@id":"https:\/\/www.brotsrestaurant.com\/fr\/pieter-truyts\/","url":"https:\/\/www.brotsrestaurant.com\/fr\/pieter-truyts\/","name":"Pieter Truyts - Brots Restaurant","isPartOf":{"@id":"https:\/\/www.brotsrestaurant.com\/fr\/#website"},"datePublished":"2021-03-30T15:12:25+00:00","dateModified":"2021-06-30T15:00:16+00:00","breadcrumb":{"@id":"https:\/\/www.brotsrestaurant.com\/fr\/pieter-truyts\/#breadcrumb"},"inLanguage":"fr-FR","potentialAction":[{"@type":"ReadAction","target":["https:\/\/www.brotsrestaurant.com\/fr\/pieter-truyts\/"]}]},{"@type":"BreadcrumbList","@id":"https:\/\/www.brotsrestaurant.com\/fr\/pieter-truyts\/#breadcrumb","itemListElement":[{"@type":"ListItem","position":1,"name":"Portada","item":"https:\/\/www.brotsrestaurant.com\/fr\/"},{"@type":"ListItem","position":2,"name":"Pieter Truyts"}]},{"@type":"WebSite","@id":"https:\/\/www.brotsrestaurant.com\/fr\/#website","url":"https:\/\/www.brotsrestaurant.com\/fr\/","name":"Brots Restaurant","description":"Just another WordPress site","potentialAction":[{"@type":"SearchAction","target":{"@type":"EntryPoint","urlTemplate":"https:\/\/www.brotsrestaurant.com\/fr\/?s={search_term_string}"},"query-input":{"@type":"PropertyValueSpecification","valueRequired":true,"valueName":"search_term_string"}}],"inLanguage":"fr-FR"}]}},"_links":{"self":[{"href":"https:\/\/www.brotsrestaurant.com\/fr\/wp-json\/wp\/v2\/pages\/465","targetHints":{"allow":["GET"]}}],"collection":[{"href":"https:\/\/www.brotsrestaurant.com\/fr\/wp-json\/wp\/v2\/pages"}],"about":[{"href":"https:\/\/www.brotsrestaurant.com\/fr\/wp-json\/wp\/v2\/types\/page"}],"author":[{"embeddable":true,"href":"https:\/\/www.brotsrestaurant.com\/fr\/wp-json\/wp\/v2\/users\/1"}],"replies":[{"embeddable":true,"href":"https:\/\/www.brotsrestaurant.com\/fr\/wp-json\/wp\/v2\/comments?post=465"}],"version-history":[{"count":3,"href":"https:\/\/www.brotsrestaurant.com\/fr\/wp-json\/wp\/v2\/pages\/465\/revisions"}],"predecessor-version":[{"id":695,"href":"https:\/\/www.brotsrestaurant.com\/fr\/wp-json\/wp\/v2\/pages\/465\/revisions\/695"}],"wp:attachment":[{"href":"https:\/\/www.brotsrestaurant.com\/fr\/wp-json\/wp\/v2\/media?parent=465"}],"curies":[{"name":"wp","href":"https:\/\/api.w.org\/{rel}","templated":true}]}}