{"id":430,"date":"2021-03-30T13:42:53","date_gmt":"2021-03-30T13:42:53","guid":{"rendered":"https:\/\/www.brotsrestaurant.com\/el-restaurant\/catering\/"},"modified":"2021-06-30T14:55:15","modified_gmt":"2021-06-30T14:55:15","slug":"catering","status":"publish","type":"page","link":"https:\/\/www.brotsrestaurant.com\/fr\/el-restaurant\/catering\/","title":{"rendered":"Catering"},"content":{"rendered":"<p>[et_pb_section fb_built=\u00a0\u00bb1&Prime; fullwidth=\u00a0\u00bbon\u00a0\u00bb _builder_version=\u00a0\u00bb4.9.2&Prime; _module_preset=\u00a0\u00bbdefault\u00a0\u00bb custom_margin=\u00a0\u00bb-80px||||false|false\u00a0\u00bb hover_enabled=\u00a0\u00bb0&Prime; sticky_enabled=\u00a0\u00bb0&Prime;][et_pb_fullwidth_slider use_bg_overlay=\u00a0\u00bboff\u00a0\u00bb arrows_custom_color=\u00a0\u00bb#2f2e2c\u00a0\u00bb _builder_version=\u00a0\u00bb4.9.2&Prime; _module_preset=\u00a0\u00bbdefault\u00a0\u00bb height=\u00a0\u00bb95vh\u00a0\u00bb hover_enabled=\u00a0\u00bb0&Prime; sticky_enabled=\u00a0\u00bb0&Prime;][et_pb_slide _builder_version=\u00a0\u00bb4.9.2&Prime; _module_preset=\u00a0\u00bbdefault\u00a0\u00bb background_enable_color=\u00a0\u00bboff\u00a0\u00bb background_image=\u00a0\u00bbhttps:\/\/www.brotsrestaurant.com\/wp-content\/uploads\/2021\/03\/El-Brot-catering-platillo1.jpeg\u00a0\u00bb background_enable_image=\u00a0\u00bbon\u00a0\u00bb sticky_transition=\u00a0\u00bbon\u00a0\u00bb][\/et_pb_slide][et_pb_slide _builder_version=\u00a0\u00bb4.9.2&Prime; _module_preset=\u00a0\u00bbdefault\u00a0\u00bb background_enable_color=\u00a0\u00bboff\u00a0\u00bb background_image=\u00a0\u00bbhttps:\/\/www.brotsrestaurant.com\/wp-content\/uploads\/2021\/03\/El-Brot-catering-platillo2.jpeg\u00a0\u00bb background_enable_image=\u00a0\u00bbon\u00a0\u00bb sticky_transition=\u00a0\u00bbon\u00a0\u00bb][\/et_pb_slide][et_pb_slide _builder_version=\u00a0\u00bb4.9.2&Prime; _module_preset=\u00a0\u00bbdefault\u00a0\u00bb background_enable_color=\u00a0\u00bboff\u00a0\u00bb background_image=\u00a0\u00bbhttps:\/\/www.brotsrestaurant.com\/wp-content\/uploads\/2021\/03\/El-Brot-catering-platillo3.jpeg\u00a0\u00bb background_enable_image=\u00a0\u00bbon\u00a0\u00bb sticky_transition=\u00a0\u00bbon\u00a0\u00bb][\/et_pb_slide][\/et_pb_fullwidth_slider][\/et_pb_section][et_pb_section fb_built=\u00a0\u00bb1&Prime; _builder_version=\u00a0\u00bb4.9.2&Prime; _module_preset=\u00a0\u00bbdefault\u00a0\u00bb background_color=\u00a0\u00bbRGBA(0,0,0,0)\u00a0\u00bb positioning=\u00a0\u00bbabsolute\u00a0\u00bb custom_margin=\u00a0\u00bb50px||||false|false\u00a0\u00bb][et_pb_row _builder_version=\u00a0\u00bb4.9.2&Prime; _module_preset=\u00a0\u00bbdefault\u00a0\u00bb][et_pb_column type=\u00a0\u00bb4_4&Prime; _builder_version=\u00a0\u00bb4.9.2&Prime; _module_preset=\u00a0\u00bbdefault\u00a0\u00bb][et_pb_text _builder_version=\u00a0\u00bb4.9.2&Prime; _module_preset=\u00a0\u00bbdefault\u00a0\u00bb text_font=\u00a0\u00bbRoboto|300|||||||\u00a0\u00bb text_text_color=\u00a0\u00bb#FFFFFF\u00a0\u00bb header_2_font=\u00a0\u00bbRoboto||||||||\u00a0\u00bb header_2_text_color=\u00a0\u00bb#FFFFFF\u00a0\u00bb background_color=\u00a0\u00bb#2f2e2c\u00a0\u00bb width=\u00a0\u00bb300px\u00a0\u00bb custom_padding=\u00a0\u00bb20px|20px|20px|20px|false|false\u00a0\u00bb]<\/p>\n<h2>Catering<\/h2>\n<p>Brots propose \u00e9galement un large assortiment de plats et de tapas \u00e0 emporter ou pour accompagner les d\u00e9gustations de vins.[\/et_pb_text][\/et_pb_column][\/et_pb_row][\/et_pb_section]<\/p>\n","protected":false},"excerpt":{"rendered":"<p>Catering Brots propose \u00e9galement un large assortiment de plats et de tapas \u00e0 emporter ou pour accompagner les d\u00e9gustations de vins.<\/p>\n","protected":false},"author":1,"featured_media":0,"parent":398,"menu_order":0,"comment_status":"closed","ping_status":"closed","template":"","meta":{"_acf_changed":false,"_et_pb_use_builder":"on","_et_pb_old_content":"","_et_gb_content_width":"","footnotes":""},"class_list":["post-430","page","type-page","status-publish","hentry"],"acf":[],"yoast_head":"<!-- This site is optimized with the Yoast SEO plugin v27.5 - https:\/\/yoast.com\/product\/yoast-seo-wordpress\/ -->\n<title>Catering - Brots Restaurant<\/title>\n<meta name=\"robots\" content=\"index, follow, max-snippet:-1, max-image-preview:large, max-video-preview:-1\" \/>\n<link rel=\"canonical\" href=\"https:\/\/www.brotsrestaurant.com\/fr\/el-restaurant\/catering\/\" \/>\n<meta property=\"og:locale\" content=\"fr_FR\" \/>\n<meta property=\"og:type\" content=\"article\" \/>\n<meta property=\"og:title\" content=\"Catering - Brots Restaurant\" \/>\n<meta property=\"og:description\" content=\"Catering Brots propose \u00e9galement un large assortiment de plats et de tapas \u00e0 emporter ou pour accompagner les d\u00e9gustations de vins.\" \/>\n<meta property=\"og:url\" content=\"https:\/\/www.brotsrestaurant.com\/fr\/el-restaurant\/catering\/\" \/>\n<meta property=\"og:site_name\" content=\"Brots Restaurant\" \/>\n<meta property=\"article:modified_time\" content=\"2021-06-30T14:55:15+00:00\" \/>\n<meta name=\"twitter:card\" content=\"summary_large_image\" \/>\n<script type=\"application\/ld+json\" class=\"yoast-schema-graph\">{\"@context\":\"https:\\\/\\\/schema.org\",\"@graph\":[{\"@type\":\"WebPage\",\"@id\":\"https:\\\/\\\/www.brotsrestaurant.com\\\/fr\\\/el-restaurant\\\/catering\\\/\",\"url\":\"https:\\\/\\\/www.brotsrestaurant.com\\\/fr\\\/el-restaurant\\\/catering\\\/\",\"name\":\"Catering - Brots Restaurant\",\"isPartOf\":{\"@id\":\"https:\\\/\\\/www.brotsrestaurant.com\\\/fr\\\/#website\"},\"datePublished\":\"2021-03-30T13:42:53+00:00\",\"dateModified\":\"2021-06-30T14:55:15+00:00\",\"breadcrumb\":{\"@id\":\"https:\\\/\\\/www.brotsrestaurant.com\\\/fr\\\/el-restaurant\\\/catering\\\/#breadcrumb\"},\"inLanguage\":\"fr-FR\",\"potentialAction\":[{\"@type\":\"ReadAction\",\"target\":[\"https:\\\/\\\/www.brotsrestaurant.com\\\/fr\\\/el-restaurant\\\/catering\\\/\"]}]},{\"@type\":\"BreadcrumbList\",\"@id\":\"https:\\\/\\\/www.brotsrestaurant.com\\\/fr\\\/el-restaurant\\\/catering\\\/#breadcrumb\",\"itemListElement\":[{\"@type\":\"ListItem\",\"position\":1,\"name\":\"Portada\",\"item\":\"https:\\\/\\\/www.brotsrestaurant.com\\\/fr\\\/\"},{\"@type\":\"ListItem\",\"position\":2,\"name\":\"El restaurant\",\"item\":\"https:\\\/\\\/www.brotsrestaurant.com\\\/fr\\\/el-restaurant\\\/\"},{\"@type\":\"ListItem\",\"position\":3,\"name\":\"Catering\"}]},{\"@type\":\"WebSite\",\"@id\":\"https:\\\/\\\/www.brotsrestaurant.com\\\/fr\\\/#website\",\"url\":\"https:\\\/\\\/www.brotsrestaurant.com\\\/fr\\\/\",\"name\":\"Brots Restaurant\",\"description\":\"Just another WordPress site\",\"potentialAction\":[{\"@type\":\"SearchAction\",\"target\":{\"@type\":\"EntryPoint\",\"urlTemplate\":\"https:\\\/\\\/www.brotsrestaurant.com\\\/fr\\\/?s={search_term_string}\"},\"query-input\":{\"@type\":\"PropertyValueSpecification\",\"valueRequired\":true,\"valueName\":\"search_term_string\"}}],\"inLanguage\":\"fr-FR\"}]}<\/script>\n<!-- \/ Yoast SEO plugin. -->","yoast_head_json":{"title":"Catering - Brots Restaurant","robots":{"index":"index","follow":"follow","max-snippet":"max-snippet:-1","max-image-preview":"max-image-preview:large","max-video-preview":"max-video-preview:-1"},"canonical":"https:\/\/www.brotsrestaurant.com\/fr\/el-restaurant\/catering\/","og_locale":"fr_FR","og_type":"article","og_title":"Catering - Brots Restaurant","og_description":"Catering Brots propose \u00e9galement un large assortiment de plats et de tapas \u00e0 emporter ou pour accompagner les d\u00e9gustations de vins.","og_url":"https:\/\/www.brotsrestaurant.com\/fr\/el-restaurant\/catering\/","og_site_name":"Brots Restaurant","article_modified_time":"2021-06-30T14:55:15+00:00","twitter_card":"summary_large_image","schema":{"@context":"https:\/\/schema.org","@graph":[{"@type":"WebPage","@id":"https:\/\/www.brotsrestaurant.com\/fr\/el-restaurant\/catering\/","url":"https:\/\/www.brotsrestaurant.com\/fr\/el-restaurant\/catering\/","name":"Catering - Brots Restaurant","isPartOf":{"@id":"https:\/\/www.brotsrestaurant.com\/fr\/#website"},"datePublished":"2021-03-30T13:42:53+00:00","dateModified":"2021-06-30T14:55:15+00:00","breadcrumb":{"@id":"https:\/\/www.brotsrestaurant.com\/fr\/el-restaurant\/catering\/#breadcrumb"},"inLanguage":"fr-FR","potentialAction":[{"@type":"ReadAction","target":["https:\/\/www.brotsrestaurant.com\/fr\/el-restaurant\/catering\/"]}]},{"@type":"BreadcrumbList","@id":"https:\/\/www.brotsrestaurant.com\/fr\/el-restaurant\/catering\/#breadcrumb","itemListElement":[{"@type":"ListItem","position":1,"name":"Portada","item":"https:\/\/www.brotsrestaurant.com\/fr\/"},{"@type":"ListItem","position":2,"name":"El restaurant","item":"https:\/\/www.brotsrestaurant.com\/fr\/el-restaurant\/"},{"@type":"ListItem","position":3,"name":"Catering"}]},{"@type":"WebSite","@id":"https:\/\/www.brotsrestaurant.com\/fr\/#website","url":"https:\/\/www.brotsrestaurant.com\/fr\/","name":"Brots Restaurant","description":"Just another WordPress site","potentialAction":[{"@type":"SearchAction","target":{"@type":"EntryPoint","urlTemplate":"https:\/\/www.brotsrestaurant.com\/fr\/?s={search_term_string}"},"query-input":{"@type":"PropertyValueSpecification","valueRequired":true,"valueName":"search_term_string"}}],"inLanguage":"fr-FR"}]}},"_links":{"self":[{"href":"https:\/\/www.brotsrestaurant.com\/fr\/wp-json\/wp\/v2\/pages\/430","targetHints":{"allow":["GET"]}}],"collection":[{"href":"https:\/\/www.brotsrestaurant.com\/fr\/wp-json\/wp\/v2\/pages"}],"about":[{"href":"https:\/\/www.brotsrestaurant.com\/fr\/wp-json\/wp\/v2\/types\/page"}],"author":[{"embeddable":true,"href":"https:\/\/www.brotsrestaurant.com\/fr\/wp-json\/wp\/v2\/users\/1"}],"replies":[{"embeddable":true,"href":"https:\/\/www.brotsrestaurant.com\/fr\/wp-json\/wp\/v2\/comments?post=430"}],"version-history":[{"count":3,"href":"https:\/\/www.brotsrestaurant.com\/fr\/wp-json\/wp\/v2\/pages\/430\/revisions"}],"predecessor-version":[{"id":691,"href":"https:\/\/www.brotsrestaurant.com\/fr\/wp-json\/wp\/v2\/pages\/430\/revisions\/691"}],"up":[{"embeddable":true,"href":"https:\/\/www.brotsrestaurant.com\/fr\/wp-json\/wp\/v2\/pages\/398"}],"wp:attachment":[{"href":"https:\/\/www.brotsrestaurant.com\/fr\/wp-json\/wp\/v2\/media?parent=430"}],"curies":[{"name":"wp","href":"https:\/\/api.w.org\/{rel}","templated":true}]}}