{"id":453,"date":"2021-03-30T15:12:25","date_gmt":"2021-03-30T15:12:25","guid":{"rendered":"https:\/\/www.brotsrestaurant.com\/pieter-truyts\/"},"modified":"2021-06-30T14:03:41","modified_gmt":"2021-06-30T14:03:41","slug":"pieter-truyts","status":"publish","type":"page","link":"https:\/\/www.brotsrestaurant.com\/es\/pieter-truyts\/","title":{"rendered":"Pieter Truyts"},"content":{"rendered":"<p>[et_pb_section fb_built=\u00bb1&#8243; _builder_version=\u00bb4.9.2&#8243; _module_preset=\u00bbdefault\u00bb height=\u00bb95vh\u00bb custom_margin=\u00bb-70px|0px|0px|0px|false|false\u00bb custom_padding=\u00bb0px|0px|0px|0px|false|false\u00bb hover_enabled=\u00bb0&#8243; sticky_enabled=\u00bb0&#8243;][et_pb_row use_custom_gutter=\u00bbon\u00bb gutter_width=\u00bb1&#8243; _builder_version=\u00bb4.9.2&#8243; _module_preset=\u00bbdefault\u00bb width=\u00bb100%\u00bb max_width=\u00bb100%\u00bb][et_pb_column type=\u00bb4_4&#8243; _builder_version=\u00bb4.9.2&#8243; _module_preset=\u00bbdefault\u00bb][et_pb_code _builder_version=\u00bb4.9.2&#8243; _module_preset=\u00bbdefault\u00bb custom_margin=\u00bb0px|0px|0px|0px|false|false\u00bb custom_padding=\u00bb0px|0px|0px|0px|false|false\u00bb]\n  <style>\n\n  @media (max-width:600px){\n    #magic-parallax-container{\n      display: none;\n    }\n    .et_pb_section.et_pb_section_0.et_section_regular {\n      display: none;\n    }\n    .parallax{\n      display: none;\n    }\n  }\n\n  .parallax {\n    position: absolute;\n    width: 100%;\n    height: 95vh;\n    overflow: hidden;\n    top: 0;\n    left: 0;\n    \n    \n  }\n\n  div .layer-parallax {\n    \/*enable 3D rendering*\/\n    transform: translateZ(0);\n    will-change: transform;\n  }\n  \n  .layer {\n    position: absolute;\n    width: 100%;\n    height: 100vh;\n    top: 0;\n    left: 0;\n    background-repeat: no-repeat;\n    background-position: top center;\n  }\n  \n  \n  .source-layer1 {\n    background-image: url(https:\/\/brotsrestaurant.olalon.com\/wp-content\/uploads\/2021\/03\/Brots-pieter-capa.png);\n    width: 60%;\n  }\n  \n  .source-layer2 {\n    background-image: url(https:\/\/brotsrestaurant.olalon.com\/wp-content\/uploads\/2021\/03\/Brots-objects-layer.png);\n    position: absolute;\n    margin-top: -173px;\n  }\n  \n  .source-layer3 {\n    background-image: url(https:\/\/brotsrestaurant.olalon.com\/wp-content\/uploads\/2021\/03\/Brots-shapes-layer.png);\n    position: relative;\n    z-index: 9;\n    width: 150%;\n  }\n  \n  .source-layer4 {\n    background-image: url(https:\/\/brotsrestaurant.olalon.com\/wp-content\/uploads\/2021\/03\/Brots-layer01.png);\n  }\n  \n  .source-layer5{\n    background-image: url(https:\/\/brotsrestaurant.olalon.com\/wp-content\/uploads\/2021\/03\/Brots-ou-layer.png);\n  }\n  <\/style>\n  \n  <div class=\"parallax\">\n<!--\n  <div class=\"layer source-layer5\"><\/div>\n  -->\n  <div class=\"layer-parallax layer source-layer4\"><\/div>\n  <div class=\"layer-parallax layer source-layer3\"><\/div>\n  <div class=\"layer-parallax layer source-layer2\"><\/div>\n  <div class=\"layer-parallax layer source-layer1\"><\/div>\n<\/div><script>\n  var currentX = '';\nvar currentY = '';\nvar movementConstant = .025; \n\njQuery(document).mousemove(function(e) {\n  if (currentX == '') currentX = e.pageX;\n  var xdiff = e.pageX - currentX;\n  currentX = e.pageX;\n  if (currentY == '') currentY = e.pageY;\n  var ydiff = e.pageY - currentY;\n  currentY = e.pageY;\n\n  jQuery('.parallax div').each(function(i, el) {\n    var movement = (i + 1) * (xdiff * movementConstant);\n    var movementy = (i + 1) * (ydiff * movementConstant);\n    var newX = jQuery(el).position().left + movement;\n    var newY = jQuery(el).position().top + movementy;\n    var cssObj = {\n      'left': newX + 'px',\n      'top': newY + 'px'\n    };\n\n    \/\/ $(el).css('left', newX + 'px');\n    \/\/ $(el).css('top', newY + 'px');\n    jQuery(el).css({\n      \"transform\": \"translate(\" + newX + \"px,\" + newY + \"px)\"\n    });\n  });\n});\n  <\/script>[\/et_pb_code][\/et_pb_column][\/et_pb_row][\/et_pb_section][et_pb_section fb_built=\u00bb1&#8243; disabled_on=\u00bboff|off|on\u00bb _builder_version=\u00bb4.9.2&#8243; _module_preset=\u00bbdefault\u00bb][et_pb_row _builder_version=\u00bb4.9.2&#8243; _module_preset=\u00bbdefault\u00bb][et_pb_column type=\u00bb4_4&#8243; _builder_version=\u00bb4.9.2&#8243; _module_preset=\u00bbdefault\u00bb][et_pb_image src=\u00bbhttps:\/\/www.brotsrestaurant.com\/wp-content\/uploads\/2021\/03\/Brots-pieter-capa.png\u00bb title_text=\u00bbBrots-pieter-capa\u00bb align=\u00bbcenter\u00bb _builder_version=\u00bb4.9.2&#8243; _module_preset=\u00bbdefault\u00bb][\/et_pb_image][et_pb_text _builder_version=\u00bb4.9.2&#8243; _module_preset=\u00bbdefault\u00bb text_font=\u00bbRoboto||||||||\u00bb text_line_height=\u00bb1.4em\u00bb header_font=\u00bbRoboto|900|||||||\u00bb]<\/p>\n<h1>\u00bfQui\u00e9n soy?<\/h1>\n<p>Creo que nac\u00ed para ser cocinero\u2026  Ya de muy peque\u00f1o me gustaba pasar los fines de semana y las vacaciones cocinando en casa. Porque la cocina siempre ha sido mi pasi\u00f3n, es mi vida y ser\u00e1 mi destino.<\/p>\n<p>Y mis ganas de mejorar me han llevado a ser perfeccionista. Casi nunca estoy satisfecho con mi trabajo y me complace el hecho de no estarlo. Porque pienso en crecer, en la inquietud por mejorar, en sentir y en hacer disfrutar de los sentidos. Cuando ten\u00eda 20 a\u00f1os dej\u00e9 mi tierra y, con el tiempo, he comprendido como se valoran las cosas cuando no se tienen y que hay que estar siempre atento para a aprender.<\/p>\n<p>El  camino ha sido muy bonito, ya que he tenido la suerte de encontrarme con grandes profesionales que me han ense\u00f1ado much\u00edsimo. Tambi\u00e9n he aprendido del sufrimiento y del esfuerzo.  Ahora creo que ya ha llegado el momento de jugar en casa.[\/et_pb_text][et_pb_video src=\u00bbhttps:\/\/www.youtube.com\/watch?v=4k_3ZXGZomE\u00bb _builder_version=\u00bb4.9.2&#8243; _module_preset=\u00bbdefault\u00bb][\/et_pb_video][\/et_pb_column][\/et_pb_row][\/et_pb_section][et_pb_section fb_built=\u00bb1&#8243; disabled_on=\u00bbon|on|off\u00bb module_id=\u00bbmagic-parallax-container\u00bb _builder_version=\u00bb4.9.2&#8243; _module_preset=\u00bbdefault\u00bb background_color=\u00bbRGBA(0,0,0,0)\u00bb positioning=\u00bbabsolute\u00bb position_origin_a=\u00bbtop_center\u00bb z_index=\u00bb9&#8243;][et_pb_row column_structure=\u00bb1_2,1_2&#8243; use_custom_gutter=\u00bbon\u00bb gutter_width=\u00bb1&#8243; disabled_on=\u00bbon|on|off\u00bb _builder_version=\u00bb4.9.2&#8243; _module_preset=\u00bbdefault\u00bb width=\u00bb100%\u00bb max_width=\u00bb100%\u00bb custom_padding=\u00bb|50px||50px|false|true\u00bb][et_pb_column type=\u00bb1_2&#8243; _builder_version=\u00bb4.9.2&#8243; _module_preset=\u00bbdefault\u00bb][\/et_pb_column][et_pb_column type=\u00bb1_2&#8243; _builder_version=\u00bb4.9.2&#8243; _module_preset=\u00bbdefault\u00bb][et_pb_text _builder_version=\u00bb4.9.2&#8243; _module_preset=\u00bbdefault\u00bb text_font=\u00bbRoboto|300|||||||\u00bb text_text_color=\u00bb#FFFFFF\u00bb header_font=\u00bbRoboto||||||||\u00bb header_text_color=\u00bb#FFFFFF\u00bb header_font_size=\u00bb22px\u00bb background_color=\u00bb#2f2e2c\u00bb width=\u00bb50%\u00bb module_alignment=\u00bbright\u00bb custom_padding=\u00bb20px|20px|20px|20px|true|false\u00bb]<\/p>\n<h1>\u00bfQui\u00e9n soy?<\/h1>\n<p>Creo que nac\u00ed para ser cocinero\u2026  Ya de muy peque\u00f1o me gustaba pasar los fines de semana y las vacaciones cocinando en casa. Porque la cocina siempre ha sido mi pasi\u00f3n, es mi vida y ser\u00e1 mi destino.<\/p>\n<p>Y mis ganas de mejorar me han llevado a ser perfeccionista. Casi nunca estoy satisfecho con mi trabajo y me complace el hecho de no estarlo. Porque pienso en crecer, en la inquietud por mejorar, en sentir y en hacer disfrutar de los sentidos. Cuando ten\u00eda 20 a\u00f1os dej\u00e9 mi tierra y, con el tiempo, he comprendido como se valoran las cosas cuando no se tienen y que hay que estar siempre atento para a aprender.<\/p>\n<p>El  camino ha sido muy bonito, ya que he tenido la suerte de encontrarme con grandes profesionales que me han ense\u00f1ado much\u00edsimo. Tambi\u00e9n he aprendido del sufrimiento y del esfuerzo.  Ahora creo que ya ha llegado el momento de jugar en casa.[\/et_pb_text][\/et_pb_column][\/et_pb_row][\/et_pb_section]<\/p>\n","protected":false},"excerpt":{"rendered":"<p>\n  <style>\n\n  @media (max-width:600px){\n    #magic-parallax-container{\n      display: none;\n    }\n    .et_pb_section.et_pb_section_0.et_section_regular {\n      display: none;\n    }\n    .parallax{\n      display: none;\n    }\n  }\n\n  .parallax {\n    position: absolute;\n    width: 100%;\n    height: 95vh;\n    overflow: hidden;\n    top: 0;\n    left: 0;\n    \n    \n  }\n\n  div .layer-parallax {\n    \/*enable 3D rendering*\/\n    transform: translateZ(0);\n    will-change: transform;\n  }\n  \n  .layer {\n    position: absolute;\n    width: 100%;\n    height: 100vh;\n    top: 0;\n    left: 0;\n    background-repeat: no-repeat;\n    background-position: top center;\n  }\n  \n  \n  .source-layer1 {\n    background-image: url(https:\/\/brotsrestaurant.olalon.com\/wp-content\/uploads\/2021\/03\/Brots-pieter-capa.png);\n    width: 60%;\n  }\n  \n  .source-layer2 {\n    background-image: url(https:\/\/brotsrestaurant.olalon.com\/wp-content\/uploads\/2021\/03\/Brots-objects-layer.png);\n    position: absolute;\n    margin-top: -173px;\n  }\n  \n  .source-layer3 {\n    background-image: url(https:\/\/brotsrestaurant.olalon.com\/wp-content\/uploads\/2021\/03\/Brots-shapes-layer.png);\n    position: relative;\n    z-index: 9;\n    width: 150%;\n  }\n  \n  .source-layer4 {\n    background-image: url(https:\/\/brotsrestaurant.olalon.com\/wp-content\/uploads\/2021\/03\/Brots-layer01.png);\n  }\n  \n  .source-layer5{\n    background-image: url(https:\/\/brotsrestaurant.olalon.com\/wp-content\/uploads\/2021\/03\/Brots-ou-layer.png);\n  }\n  <\/style>\n  \n  <div class=\"parallax\">\n<!--\n  <div class=\"layer source-layer5\"><\/div>\n  -->\n  <div class=\"layer-parallax layer source-layer4\"><\/div>\n  <div class=\"layer-parallax layer source-layer3\"><\/div>\n  <div class=\"layer-parallax layer source-layer2\"><\/div>\n  <div class=\"layer-parallax layer source-layer1\"><\/div>\n<\/div><script>\n  var currentX = '';\nvar currentY = '';\nvar movementConstant = .025; \n\njQuery(document).mousemove(function(e) {\n  if (currentX == '') currentX = e.pageX;\n  var xdiff = e.pageX - currentX;\n  currentX = e.pageX;\n  if (currentY == '') currentY = e.pageY;\n  var ydiff = e.pageY - currentY;\n  currentY = e.pageY;\n\n  jQuery('.parallax div').each(function(i, el) {\n    var movement = (i + 1) * (xdiff * movementConstant);\n    var movementy = (i + 1) * (ydiff * movementConstant);\n    var newX = jQuery(el).position().left + movement;\n    var newY = jQuery(el).position().top + movementy;\n    var cssObj = {\n      'left': newX + 'px',\n      'top': newY + 'px'\n    };\n\n    \/\/ $(el).css('left', newX + 'px');\n    \/\/ $(el).css('top', newY + 'px');\n    jQuery(el).css({\n      \"transform\": \"translate(\" + newX + \"px,\" + newY + \"px)\"\n    });\n  });\n});\n  <\/script>\u00bfQui\u00e9n soy? Creo que nac\u00ed para ser cocinero\u2026 Ya de muy peque\u00f1o me gustaba pasar los fines de semana y las vacaciones cocinando en casa. Porque la cocina siempre ha sido mi pasi\u00f3n, es mi vida y ser\u00e1 mi destino. Y mis ganas de mejorar me han llevado a ser perfeccionista. Casi nunca estoy satisfecho [&hellip;]<\/p>\n","protected":false},"author":1,"featured_media":0,"parent":0,"menu_order":0,"comment_status":"closed","ping_status":"closed","template":"","meta":{"_acf_changed":false,"_et_pb_use_builder":"on","_et_pb_old_content":"","_et_gb_content_width":"","footnotes":""},"class_list":["post-453","page","type-page","status-publish","hentry"],"acf":[],"yoast_head":"<!-- This site is optimized with the Yoast SEO plugin v27.3 - https:\/\/yoast.com\/product\/yoast-seo-wordpress\/ -->\n<title>Pieter Truyts - Brots Restaurant<\/title>\n<meta name=\"robots\" content=\"index, follow, max-snippet:-1, max-image-preview:large, max-video-preview:-1\" \/>\n<link rel=\"canonical\" href=\"https:\/\/www.brotsrestaurant.com\/es\/pieter-truyts\/\" \/>\n<meta property=\"og:locale\" content=\"es_ES\" \/>\n<meta property=\"og:type\" content=\"article\" \/>\n<meta property=\"og:title\" content=\"Pieter Truyts - Brots Restaurant\" \/>\n<meta property=\"og:description\" content=\"\u00bfQui\u00e9n soy? Creo que nac\u00ed para ser cocinero\u2026 Ya de muy peque\u00f1o me gustaba pasar los fines de semana y las vacaciones cocinando en casa. Porque la cocina siempre ha sido mi pasi\u00f3n, es mi vida y ser\u00e1 mi destino. Y mis ganas de mejorar me han llevado a ser perfeccionista. Casi nunca estoy satisfecho [&hellip;]\" \/>\n<meta property=\"og:url\" content=\"https:\/\/www.brotsrestaurant.com\/es\/pieter-truyts\/\" \/>\n<meta property=\"og:site_name\" content=\"Brots Restaurant\" \/>\n<meta property=\"article:modified_time\" content=\"2021-06-30T14:03:41+00:00\" \/>\n<meta name=\"twitter:card\" content=\"summary_large_image\" \/>\n<script type=\"application\/ld+json\" class=\"yoast-schema-graph\">{\"@context\":\"https:\\\/\\\/schema.org\",\"@graph\":[{\"@type\":\"WebPage\",\"@id\":\"https:\\\/\\\/www.brotsrestaurant.com\\\/es\\\/pieter-truyts\\\/\",\"url\":\"https:\\\/\\\/www.brotsrestaurant.com\\\/es\\\/pieter-truyts\\\/\",\"name\":\"Pieter Truyts - Brots Restaurant\",\"isPartOf\":{\"@id\":\"https:\\\/\\\/www.brotsrestaurant.com\\\/es\\\/#website\"},\"datePublished\":\"2021-03-30T15:12:25+00:00\",\"dateModified\":\"2021-06-30T14:03:41+00:00\",\"breadcrumb\":{\"@id\":\"https:\\\/\\\/www.brotsrestaurant.com\\\/es\\\/pieter-truyts\\\/#breadcrumb\"},\"inLanguage\":\"es\",\"potentialAction\":[{\"@type\":\"ReadAction\",\"target\":[\"https:\\\/\\\/www.brotsrestaurant.com\\\/es\\\/pieter-truyts\\\/\"]}]},{\"@type\":\"BreadcrumbList\",\"@id\":\"https:\\\/\\\/www.brotsrestaurant.com\\\/es\\\/pieter-truyts\\\/#breadcrumb\",\"itemListElement\":[{\"@type\":\"ListItem\",\"position\":1,\"name\":\"Portada\",\"item\":\"https:\\\/\\\/www.brotsrestaurant.com\\\/es\\\/\"},{\"@type\":\"ListItem\",\"position\":2,\"name\":\"Pieter Truyts\"}]},{\"@type\":\"WebSite\",\"@id\":\"https:\\\/\\\/www.brotsrestaurant.com\\\/es\\\/#website\",\"url\":\"https:\\\/\\\/www.brotsrestaurant.com\\\/es\\\/\",\"name\":\"Brots Restaurant\",\"description\":\"Just another WordPress site\",\"potentialAction\":[{\"@type\":\"SearchAction\",\"target\":{\"@type\":\"EntryPoint\",\"urlTemplate\":\"https:\\\/\\\/www.brotsrestaurant.com\\\/es\\\/?s={search_term_string}\"},\"query-input\":{\"@type\":\"PropertyValueSpecification\",\"valueRequired\":true,\"valueName\":\"search_term_string\"}}],\"inLanguage\":\"es\"}]}<\/script>\n<!-- \/ Yoast SEO plugin. -->","yoast_head_json":{"title":"Pieter Truyts - Brots Restaurant","robots":{"index":"index","follow":"follow","max-snippet":"max-snippet:-1","max-image-preview":"max-image-preview:large","max-video-preview":"max-video-preview:-1"},"canonical":"https:\/\/www.brotsrestaurant.com\/es\/pieter-truyts\/","og_locale":"es_ES","og_type":"article","og_title":"Pieter Truyts - Brots Restaurant","og_description":"\u00bfQui\u00e9n soy? Creo que nac\u00ed para ser cocinero\u2026 Ya de muy peque\u00f1o me gustaba pasar los fines de semana y las vacaciones cocinando en casa. Porque la cocina siempre ha sido mi pasi\u00f3n, es mi vida y ser\u00e1 mi destino. Y mis ganas de mejorar me han llevado a ser perfeccionista. Casi nunca estoy satisfecho [&hellip;]","og_url":"https:\/\/www.brotsrestaurant.com\/es\/pieter-truyts\/","og_site_name":"Brots Restaurant","article_modified_time":"2021-06-30T14:03:41+00:00","twitter_card":"summary_large_image","schema":{"@context":"https:\/\/schema.org","@graph":[{"@type":"WebPage","@id":"https:\/\/www.brotsrestaurant.com\/es\/pieter-truyts\/","url":"https:\/\/www.brotsrestaurant.com\/es\/pieter-truyts\/","name":"Pieter Truyts - Brots Restaurant","isPartOf":{"@id":"https:\/\/www.brotsrestaurant.com\/es\/#website"},"datePublished":"2021-03-30T15:12:25+00:00","dateModified":"2021-06-30T14:03:41+00:00","breadcrumb":{"@id":"https:\/\/www.brotsrestaurant.com\/es\/pieter-truyts\/#breadcrumb"},"inLanguage":"es","potentialAction":[{"@type":"ReadAction","target":["https:\/\/www.brotsrestaurant.com\/es\/pieter-truyts\/"]}]},{"@type":"BreadcrumbList","@id":"https:\/\/www.brotsrestaurant.com\/es\/pieter-truyts\/#breadcrumb","itemListElement":[{"@type":"ListItem","position":1,"name":"Portada","item":"https:\/\/www.brotsrestaurant.com\/es\/"},{"@type":"ListItem","position":2,"name":"Pieter Truyts"}]},{"@type":"WebSite","@id":"https:\/\/www.brotsrestaurant.com\/es\/#website","url":"https:\/\/www.brotsrestaurant.com\/es\/","name":"Brots Restaurant","description":"Just another WordPress site","potentialAction":[{"@type":"SearchAction","target":{"@type":"EntryPoint","urlTemplate":"https:\/\/www.brotsrestaurant.com\/es\/?s={search_term_string}"},"query-input":{"@type":"PropertyValueSpecification","valueRequired":true,"valueName":"search_term_string"}}],"inLanguage":"es"}]}},"_links":{"self":[{"href":"https:\/\/www.brotsrestaurant.com\/es\/wp-json\/wp\/v2\/pages\/453","targetHints":{"allow":["GET"]}}],"collection":[{"href":"https:\/\/www.brotsrestaurant.com\/es\/wp-json\/wp\/v2\/pages"}],"about":[{"href":"https:\/\/www.brotsrestaurant.com\/es\/wp-json\/wp\/v2\/types\/page"}],"author":[{"embeddable":true,"href":"https:\/\/www.brotsrestaurant.com\/es\/wp-json\/wp\/v2\/users\/1"}],"replies":[{"embeddable":true,"href":"https:\/\/www.brotsrestaurant.com\/es\/wp-json\/wp\/v2\/comments?post=453"}],"version-history":[{"count":4,"href":"https:\/\/www.brotsrestaurant.com\/es\/wp-json\/wp\/v2\/pages\/453\/revisions"}],"predecessor-version":[{"id":669,"href":"https:\/\/www.brotsrestaurant.com\/es\/wp-json\/wp\/v2\/pages\/453\/revisions\/669"}],"wp:attachment":[{"href":"https:\/\/www.brotsrestaurant.com\/es\/wp-json\/wp\/v2\/media?parent=453"}],"curies":[{"name":"wp","href":"https:\/\/api.w.org\/{rel}","templated":true}]}}