{"id":387,"date":"2021-03-26T09:50:43","date_gmt":"2021-03-26T09:50:43","guid":{"rendered":"https:\/\/www.brotsrestaurant.com\/el-restaurant\/"},"modified":"2021-06-30T13:52:00","modified_gmt":"2021-06-30T13:52:00","slug":"el-restaurant","status":"publish","type":"page","link":"https:\/\/www.brotsrestaurant.com\/es\/el-restaurant\/","title":{"rendered":"El restaurant"},"content":{"rendered":"<p>[et_pb_section fb_built=\u00bb1&#8243; fullwidth=\u00bbon\u00bb _builder_version=\u00bb4.9.2&#8243; _module_preset=\u00bbdefault\u00bb height=\u00bb95vh\u00bb custom_margin=\u00bb-80px||||false|false\u00bb hover_enabled=\u00bb0&#8243; sticky_enabled=\u00bb0&#8243;][et_pb_fullwidth_slider _builder_version=\u00bb4.9.2&#8243; _module_preset=\u00bbdefault\u00bb height=\u00bb95vh\u00bb hover_enabled=\u00bb0&#8243; custom_css_main_element=\u00bbmargin: initial;\u00bb sticky_enabled=\u00bb0&#8243;][et_pb_slide heading=\u00bbPor qu\u00e9 BROTS?\u00bb use_bg_overlay=\u00bboff\u00bb use_text_overlay=\u00bbon\u00bb text_overlay_color=\u00bbrgba(35,35,35,0.85)\u00bb _builder_version=\u00bb4.9.2&#8243; _module_preset=\u00bbdefault\u00bb header_font=\u00bbRoboto|900|||||||\u00bb header_font_size=\u00bb22px\u00bb body_font=\u00bbRoboto|300|||||||\u00bb background_enable_color=\u00bboff\u00bb background_image=\u00bbhttps:\/\/www.brotsrestaurant.com\/wp-content\/uploads\/2021\/03\/brots-interior.jpeg\u00bb background_enable_image=\u00bbon\u00bb text_orientation=\u00bbleft\u00bb width=\u00bb30%\u00bb width_tablet=\u00bb50%\u00bb width_phone=\u00bb100%\u00bb width_last_edited=\u00bbon|tablet\u00bb custom_padding=\u00bb||||false|false\u00bb filter_saturate=\u00bb130%\u00bb filter_brightness=\u00bb104%\u00bb sticky_transition=\u00bbon\u00bb]<\/p>\n<p>BROTS ha nacido aliment\u00e1ndose durante muchos a\u00f1os\u2026 y quiere hacer referencia a todas las historias y personas que hacen de este sue\u00f1o una realidad y que \u2013como los peces- nadan contra la corriente si es necesario, en situaciones dif\u00edciles, con ilusi\u00f3n y tenacidad. Solamente hay que observar las vi\u00f1as que nos rodean y que, despu\u00e9s de un largo y duro invierno, siempre nos saludan con un nuevo brote en cuanto llega la primavera.<\/p>\n<p>[\/et_pb_slide][et_pb_slide heading=\u00bbPor qu\u00e9 BROTS?\u00bb use_bg_overlay=\u00bboff\u00bb use_text_overlay=\u00bbon\u00bb text_overlay_color=\u00bbrgba(35,35,35,0.85)\u00bb _builder_version=\u00bb4.9.2&#8243; _module_preset=\u00bbdefault\u00bb header_font=\u00bbRoboto|900|||||||\u00bb header_font_size=\u00bb22px\u00bb body_font=\u00bbRoboto|300|||||||\u00bb background_enable_color=\u00bboff\u00bb background_image=\u00bbhttps:\/\/www.brotsrestaurant.com\/wp-content\/uploads\/2021\/03\/Brots-interior-copas.jpeg\u00bb background_enable_image=\u00bbon\u00bb background_position=\u00bbbottom_center\u00bb text_orientation=\u00bbleft\u00bb width=\u00bb30%\u00bb width_tablet=\u00bb50%\u00bb width_phone=\u00bb100%\u00bb width_last_edited=\u00bbon|desktop\u00bb custom_padding=\u00bb||||false|false\u00bb filter_saturate=\u00bb125%\u00bb filter_brightness=\u00bb106%\u00bb sticky_transition=\u00bbon\u00bb]<\/p>\n<p>BROTS ha nacido aliment\u00e1ndose durante muchos a\u00f1os\u2026 y quiere hacer referencia a todas las historias y personas que hacen de este sue\u00f1o una realidad y que \u2013como los peces- nadan contra la corriente si es necesario, en situaciones dif\u00edciles, con ilusi\u00f3n y tenacidad. Solamente hay que observar las vi\u00f1as que nos rodean y que, despu\u00e9s de un largo y duro invierno, siempre nos saludan con un nuevo brote en cuanto llega la primavera.<\/p>\n<p>[\/et_pb_slide][et_pb_slide heading=\u00bbPor qu\u00e9 BROTS?\u00bb use_bg_overlay=\u00bboff\u00bb use_text_overlay=\u00bbon\u00bb text_overlay_color=\u00bbrgba(35,35,35,0.85)\u00bb _builder_version=\u00bb4.9.2&#8243; _module_preset=\u00bbdefault\u00bb header_font=\u00bbRoboto|900|||||||\u00bb header_font_size=\u00bb22px\u00bb body_font=\u00bbRoboto|300|||||||\u00bb background_enable_color=\u00bboff\u00bb background_image=\u00bbhttps:\/\/www.brotsrestaurant.com\/wp-content\/uploads\/2021\/03\/brots-restaurant-ciutat.jpeg\u00bb background_enable_image=\u00bbon\u00bb background_position=\u00bbbottom_center\u00bb text_orientation=\u00bbleft\u00bb width=\u00bb30%\u00bb width_tablet=\u00bb50%\u00bb width_phone=\u00bb100%\u00bb width_last_edited=\u00bbon|desktop\u00bb custom_padding=\u00bb||||false|false\u00bb filter_saturate=\u00bb125%\u00bb filter_brightness=\u00bb106%\u00bb sticky_transition=\u00bbon\u00bb]<\/p>\n<p>BROTS ha nacido aliment\u00e1ndose durante muchos a\u00f1os\u2026 y quiere hacer referencia a todas las historias y personas que hacen de este sue\u00f1o una realidad y que \u2013como los peces- nadan contra la corriente si es necesario, en situaciones dif\u00edciles, con ilusi\u00f3n y tenacidad. Solamente hay que observar las vi\u00f1as que nos rodean y que, despu\u00e9s de un largo y duro invierno, siempre nos saludan con un nuevo brote en cuanto llega la primavera.<\/p>\n<p>[\/et_pb_slide][et_pb_slide heading=\u00bb Por qu\u00e9 BROTS?\u00bb use_bg_overlay=\u00bboff\u00bb use_text_overlay=\u00bbon\u00bb text_overlay_color=\u00bbrgba(35,35,35,0.85)\u00bb _builder_version=\u00bb4.9.2&#8243; _module_preset=\u00bbdefault\u00bb header_font=\u00bbRoboto|900|||||||\u00bb header_font_size=\u00bb22px\u00bb body_font=\u00bbRoboto|300|||||||\u00bb background_enable_color=\u00bboff\u00bb background_image=\u00bbhttps:\/\/www.brotsrestaurant.com\/wp-content\/uploads\/2021\/03\/brots-restaurant-camino.jpeg\u00bb background_enable_image=\u00bbon\u00bb background_position=\u00bbbottom_center\u00bb text_orientation=\u00bbleft\u00bb width=\u00bb30%\u00bb width_tablet=\u00bb50%\u00bb width_phone=\u00bb100%\u00bb width_last_edited=\u00bbon|desktop\u00bb custom_padding=\u00bb||||false|false\u00bb filter_saturate=\u00bb125%\u00bb filter_brightness=\u00bb106%\u00bb sticky_transition=\u00bbon\u00bb]<\/p>\n<p>BROTS ha nacido aliment\u00e1ndose durante muchos a\u00f1os\u2026 y quiere hacer referencia a todas las historias y personas que hacen de este sue\u00f1o una realidad y que \u2013como los peces- nadan contra la corriente si es necesario, en situaciones dif\u00edciles, con ilusi\u00f3n y tenacidad. Solamente hay que observar las vi\u00f1as que nos rodean y que, despu\u00e9s de un largo y duro invierno, siempre nos saludan con un nuevo brote en cuanto llega la primavera.<\/p>\n<p>[\/et_pb_slide][\/et_pb_fullwidth_slider][\/et_pb_section]<\/p>\n","protected":false},"excerpt":{"rendered":"<p>BROTS ha nacido aliment\u00e1ndose durante muchos a\u00f1os\u2026 y quiere hacer referencia a todas las historias y personas que hacen de este sue\u00f1o una realidad y que \u2013como los peces- nadan contra la corriente si es necesario, en situaciones dif\u00edciles, con ilusi\u00f3n y tenacidad. Solamente hay que observar las vi\u00f1as que nos rodean y que, despu\u00e9s [&hellip;]<\/p>\n","protected":false},"author":1,"featured_media":0,"parent":0,"menu_order":0,"comment_status":"closed","ping_status":"closed","template":"","meta":{"_acf_changed":false,"_et_pb_use_builder":"on","_et_pb_old_content":"","_et_gb_content_width":"","footnotes":""},"class_list":["post-387","page","type-page","status-publish","hentry"],"acf":[],"yoast_head":"<!-- This site is optimized with the Yoast SEO plugin v27.5 - https:\/\/yoast.com\/product\/yoast-seo-wordpress\/ -->\n<title>El restaurant - Brots Restaurant<\/title>\n<meta name=\"robots\" content=\"index, follow, max-snippet:-1, max-image-preview:large, max-video-preview:-1\" \/>\n<link rel=\"canonical\" href=\"https:\/\/www.brotsrestaurant.com\/es\/el-restaurant\/\" \/>\n<meta property=\"og:locale\" content=\"es_ES\" \/>\n<meta property=\"og:type\" content=\"article\" \/>\n<meta property=\"og:title\" content=\"El restaurant - Brots Restaurant\" \/>\n<meta property=\"og:description\" content=\"BROTS ha nacido aliment\u00e1ndose durante muchos a\u00f1os\u2026 y quiere hacer referencia a todas las historias y personas que hacen de este sue\u00f1o una realidad y que \u2013como los peces- nadan contra la corriente si es necesario, en situaciones dif\u00edciles, con ilusi\u00f3n y tenacidad. Solamente hay que observar las vi\u00f1as que nos rodean y que, despu\u00e9s [&hellip;]\" \/>\n<meta property=\"og:url\" content=\"https:\/\/www.brotsrestaurant.com\/es\/el-restaurant\/\" \/>\n<meta property=\"og:site_name\" content=\"Brots Restaurant\" \/>\n<meta property=\"article:modified_time\" content=\"2021-06-30T13:52:00+00:00\" \/>\n<meta name=\"twitter:card\" content=\"summary_large_image\" \/>\n<script type=\"application\/ld+json\" class=\"yoast-schema-graph\">{\"@context\":\"https:\\\/\\\/schema.org\",\"@graph\":[{\"@type\":\"WebPage\",\"@id\":\"https:\\\/\\\/www.brotsrestaurant.com\\\/es\\\/el-restaurant\\\/\",\"url\":\"https:\\\/\\\/www.brotsrestaurant.com\\\/es\\\/el-restaurant\\\/\",\"name\":\"El restaurant - Brots Restaurant\",\"isPartOf\":{\"@id\":\"https:\\\/\\\/www.brotsrestaurant.com\\\/es\\\/#website\"},\"datePublished\":\"2021-03-26T09:50:43+00:00\",\"dateModified\":\"2021-06-30T13:52:00+00:00\",\"breadcrumb\":{\"@id\":\"https:\\\/\\\/www.brotsrestaurant.com\\\/es\\\/el-restaurant\\\/#breadcrumb\"},\"inLanguage\":\"es\",\"potentialAction\":[{\"@type\":\"ReadAction\",\"target\":[\"https:\\\/\\\/www.brotsrestaurant.com\\\/es\\\/el-restaurant\\\/\"]}]},{\"@type\":\"BreadcrumbList\",\"@id\":\"https:\\\/\\\/www.brotsrestaurant.com\\\/es\\\/el-restaurant\\\/#breadcrumb\",\"itemListElement\":[{\"@type\":\"ListItem\",\"position\":1,\"name\":\"Portada\",\"item\":\"https:\\\/\\\/www.brotsrestaurant.com\\\/es\\\/\"},{\"@type\":\"ListItem\",\"position\":2,\"name\":\"El restaurant\"}]},{\"@type\":\"WebSite\",\"@id\":\"https:\\\/\\\/www.brotsrestaurant.com\\\/es\\\/#website\",\"url\":\"https:\\\/\\\/www.brotsrestaurant.com\\\/es\\\/\",\"name\":\"Brots Restaurant\",\"description\":\"Just another WordPress site\",\"potentialAction\":[{\"@type\":\"SearchAction\",\"target\":{\"@type\":\"EntryPoint\",\"urlTemplate\":\"https:\\\/\\\/www.brotsrestaurant.com\\\/es\\\/?s={search_term_string}\"},\"query-input\":{\"@type\":\"PropertyValueSpecification\",\"valueRequired\":true,\"valueName\":\"search_term_string\"}}],\"inLanguage\":\"es\"}]}<\/script>\n<!-- \/ Yoast SEO plugin. -->","yoast_head_json":{"title":"El restaurant - Brots Restaurant","robots":{"index":"index","follow":"follow","max-snippet":"max-snippet:-1","max-image-preview":"max-image-preview:large","max-video-preview":"max-video-preview:-1"},"canonical":"https:\/\/www.brotsrestaurant.com\/es\/el-restaurant\/","og_locale":"es_ES","og_type":"article","og_title":"El restaurant - Brots Restaurant","og_description":"BROTS ha nacido aliment\u00e1ndose durante muchos a\u00f1os\u2026 y quiere hacer referencia a todas las historias y personas que hacen de este sue\u00f1o una realidad y que \u2013como los peces- nadan contra la corriente si es necesario, en situaciones dif\u00edciles, con ilusi\u00f3n y tenacidad. Solamente hay que observar las vi\u00f1as que nos rodean y que, despu\u00e9s [&hellip;]","og_url":"https:\/\/www.brotsrestaurant.com\/es\/el-restaurant\/","og_site_name":"Brots Restaurant","article_modified_time":"2021-06-30T13:52:00+00:00","twitter_card":"summary_large_image","schema":{"@context":"https:\/\/schema.org","@graph":[{"@type":"WebPage","@id":"https:\/\/www.brotsrestaurant.com\/es\/el-restaurant\/","url":"https:\/\/www.brotsrestaurant.com\/es\/el-restaurant\/","name":"El restaurant - Brots Restaurant","isPartOf":{"@id":"https:\/\/www.brotsrestaurant.com\/es\/#website"},"datePublished":"2021-03-26T09:50:43+00:00","dateModified":"2021-06-30T13:52:00+00:00","breadcrumb":{"@id":"https:\/\/www.brotsrestaurant.com\/es\/el-restaurant\/#breadcrumb"},"inLanguage":"es","potentialAction":[{"@type":"ReadAction","target":["https:\/\/www.brotsrestaurant.com\/es\/el-restaurant\/"]}]},{"@type":"BreadcrumbList","@id":"https:\/\/www.brotsrestaurant.com\/es\/el-restaurant\/#breadcrumb","itemListElement":[{"@type":"ListItem","position":1,"name":"Portada","item":"https:\/\/www.brotsrestaurant.com\/es\/"},{"@type":"ListItem","position":2,"name":"El restaurant"}]},{"@type":"WebSite","@id":"https:\/\/www.brotsrestaurant.com\/es\/#website","url":"https:\/\/www.brotsrestaurant.com\/es\/","name":"Brots Restaurant","description":"Just another WordPress site","potentialAction":[{"@type":"SearchAction","target":{"@type":"EntryPoint","urlTemplate":"https:\/\/www.brotsrestaurant.com\/es\/?s={search_term_string}"},"query-input":{"@type":"PropertyValueSpecification","valueRequired":true,"valueName":"search_term_string"}}],"inLanguage":"es"}]}},"_links":{"self":[{"href":"https:\/\/www.brotsrestaurant.com\/es\/wp-json\/wp\/v2\/pages\/387","targetHints":{"allow":["GET"]}}],"collection":[{"href":"https:\/\/www.brotsrestaurant.com\/es\/wp-json\/wp\/v2\/pages"}],"about":[{"href":"https:\/\/www.brotsrestaurant.com\/es\/wp-json\/wp\/v2\/types\/page"}],"author":[{"embeddable":true,"href":"https:\/\/www.brotsrestaurant.com\/es\/wp-json\/wp\/v2\/users\/1"}],"replies":[{"embeddable":true,"href":"https:\/\/www.brotsrestaurant.com\/es\/wp-json\/wp\/v2\/comments?post=387"}],"version-history":[{"count":3,"href":"https:\/\/www.brotsrestaurant.com\/es\/wp-json\/wp\/v2\/pages\/387\/revisions"}],"predecessor-version":[{"id":663,"href":"https:\/\/www.brotsrestaurant.com\/es\/wp-json\/wp\/v2\/pages\/387\/revisions\/663"}],"wp:attachment":[{"href":"https:\/\/www.brotsrestaurant.com\/es\/wp-json\/wp\/v2\/media?parent=387"}],"curies":[{"name":"wp","href":"https:\/\/api.w.org\/{rel}","templated":true}]}}